{"id":12,"date":"2021-03-30T16:18:21","date_gmt":"2021-03-30T16:18:21","guid":{"rendered":"https:\/\/barboratomaskova.com\/?page_id=12"},"modified":"2023-12-09T19:25:23","modified_gmt":"2023-12-09T19:25:23","slug":"music-for-film","status":"publish","type":"page","link":"https:\/\/barboratomaskova.com\/index.php\/music-for-film\/","title":{"rendered":"Music for Film"},"content":{"rendered":"\t\t<div data-elementor-type=\"wp-page\" data-elementor-id=\"12\" class=\"elementor elementor-12\">\n\t\t\t\t\t\t<section class=\"elementor-section elementor-top-section elementor-element elementor-element-dce74fd elementor-section-boxed elementor-section-height-default elementor-section-height-default\" data-id=\"dce74fd\" data-element_type=\"section\" data-e-type=\"section\">\n\t\t\t\t\t\t<div class=\"elementor-container elementor-column-gap-default\">\n\t\t\t\t\t<div class=\"elementor-column elementor-col-100 elementor-top-column elementor-element elementor-element-d4660dc\" data-id=\"d4660dc\" data-element_type=\"column\" data-e-type=\"column\">\n\t\t\t<div class=\"elementor-widget-wrap elementor-element-populated\">\n\t\t\t\t\t\t<div class=\"elementor-element elementor-element-25f5f25 elementor-widget elementor-widget-text-editor\" data-id=\"25f5f25\" data-element_type=\"widget\" data-e-type=\"widget\" data-widget_type=\"text-editor.default\">\n\t\t\t\t<div class=\"elementor-widget-container\">\n\t\t\t\t\t\t\t\t\t<h3 style=\"caret-color: #000000; color: #000000;\"><span style=\"color: #ffffff;\">Ide furman dolinou&nbsp;<i>(2023)<\/i><\/span><\/h3>\n<h3 style=\"caret-color: #000000; color: #000000;\"><span style=\"caret-color: #e8e8e8; color: #e8e8e8; font-size: 18px; text-align: justify;\">Dokument\u00e1rny film, r\u00e9\u017eia: Dominik Jursa<\/span><\/h3>\n<div><span style=\"caret-color: #e8e8e8; color: #e8e8e8; font-size: 18px; text-align: justify;\">&nbsp;<\/span><\/div>\n<div>\n<h3 style=\"color: #000000; caret-color: #000000;\"><span style=\"color: #ffffff;\">Prebyto\u010dn\u00fd \u010dlovek?&nbsp;<i>(2023)<\/i><\/span><\/h3>\n<h3 style=\"color: #000000; caret-color: #000000;\"><span style=\"caret-color: #e8e8e8; color: #e8e8e8; font-size: 18px; text-align: justify;\">Dokument\u00e1rny film, r\u00e9\u017eia: Debora Pastir\u010d\u00e1kov\u00e1<\/span><\/h3>\n<p><span style=\"color: #ff6600;\"><a style=\"color: #ff6600;\" href=\"https:\/\/www.rtvs.sk\/televizia\/archiv\/20479\/432624#3123\">kliknut\u00edm spusti\u0165 film&nbsp;<\/a><\/span><\/p><p><br><\/p>\n<\/div>\n<h3 style=\"caret-color: #000000; color: #000000;\"><span style=\"color: #ffffff;\">Komu patr\u00ed mesto &#8211; Bratislava&nbsp;<em>(2023)<\/em><\/span><\/h3>\n<p>Dokument\u00e1rny film, r\u00e9\u017eia: Dominik Jursa<\/p>\n<p><span style=\"color: #ff6600;\"><a style=\"color: #ff6600;\" href=\"https:\/\/dafilms.sk\/film\/15876-komu-patri-mesto-bratislava\">klikn\u00fa\u0165 na film \/ click to check the movie<\/a><\/span><\/p><p><br><\/p>\n<h3 style=\"caret-color: #000000; color: #000000;\"><span style=\"color: #ffffff;\">Revitali<\/span><span style=\"color: #ffffff;\">z\u00e1cia vodn\u00fdch tokov&nbsp;<em>(12\/2021)<\/em><\/span><\/h3>\n<p>Dokument\u00e1rny film z cyklu EKO \u010falej &#8211; RTVS, r\u00e9\u017eia: Dominik Jursa<\/p>\n<p><span style=\"color: #ff6600;\"><a style=\"color: #ff6600;\" href=\"https:\/\/www.rtvs.sk\/televizia\/archiv\/17919\/298377#33\">Spusti\u0165 film \/ Click to watch full movie<\/a><\/span><\/p>\t\t\t\t\t\t\t\t<\/div>\n\t\t\t\t<\/div>\n\t\t\t\t\t<\/div>\n\t\t<\/div>\n\t\t\t\t\t<\/div>\n\t\t<\/section>\n\t\t\t\t<section class=\"elementor-section elementor-top-section elementor-element elementor-element-81ac041 elementor-section-boxed elementor-section-height-default elementor-section-height-default\" data-id=\"81ac041\" data-element_type=\"section\" data-e-type=\"section\">\n\t\t\t\t\t\t<div class=\"elementor-container elementor-column-gap-default\">\n\t\t\t\t\t<div class=\"elementor-column elementor-col-100 elementor-top-column elementor-element elementor-element-68039d2\" data-id=\"68039d2\" data-element_type=\"column\" data-e-type=\"column\">\n\t\t\t<div class=\"elementor-widget-wrap elementor-element-populated\">\n\t\t\t\t\t\t<div class=\"elementor-element elementor-element-859174d elementor-widget elementor-widget-text-editor\" data-id=\"859174d\" data-element_type=\"widget\" data-e-type=\"widget\" data-widget_type=\"text-editor.default\">\n\t\t\t\t<div class=\"elementor-widget-container\">\n\t\t\t\t\t\t\t\t\t<h3>Sweet 16(mm) \/ Ro\u017eok a M\u00e1jka <em>(Bansk\u00e1 \u0160tiavnica, 2018)<\/em><\/h3><div><em>\u00a0<\/em><\/div><div><em>\u00a0<\/em><\/div>\t\t\t\t\t\t\t\t<\/div>\n\t\t\t\t<\/div>\n\t\t\t\t\t<\/div>\n\t\t<\/div>\n\t\t\t\t\t<\/div>\n\t\t<\/section>\n\t\t\t\t<section class=\"elementor-section elementor-top-section elementor-element elementor-element-65ca411 elementor-section-boxed elementor-section-height-default elementor-section-height-default\" data-id=\"65ca411\" data-element_type=\"section\" data-e-type=\"section\">\n\t\t\t\t\t\t<div class=\"elementor-container elementor-column-gap-default\">\n\t\t\t\t\t<div class=\"elementor-column elementor-col-100 elementor-top-column elementor-element elementor-element-1f02b5f\" data-id=\"1f02b5f\" data-element_type=\"column\" data-e-type=\"column\">\n\t\t\t<div class=\"elementor-widget-wrap elementor-element-populated\">\n\t\t\t\t\t\t<div class=\"elementor-element elementor-element-5096125 elementor-widget elementor-widget-video\" data-id=\"5096125\" data-element_type=\"widget\" data-e-type=\"widget\" data-settings=\"{&quot;video_type&quot;:&quot;vimeo&quot;}\" data-widget_type=\"video.default\">\n\t\t\t\t<div class=\"elementor-widget-container\">\n\t\t\t\t\t\t\t<div class=\"elementor-wrapper elementor-open-inline\">\n\t\t\t<iframe class=\"elementor-video-iframe\" allowfullscreen allow=\"clipboard-write\" title=\"vimeo Video Player\" src=\"https:\/\/player.vimeo.com\/video\/272535455?color&amp;autopause=0&amp;loop=0&amp;muted=0&amp;title=0&amp;portrait=0&amp;byline=0#t=\"><\/iframe>\t\t<\/div>\n\t\t\t\t\t\t<\/div>\n\t\t\t\t<\/div>\n\t\t\t\t\t<\/div>\n\t\t<\/div>\n\t\t\t\t\t<\/div>\n\t\t<\/section>\n\t\t\t\t<section class=\"elementor-section elementor-top-section elementor-element elementor-element-4792490 elementor-section-boxed elementor-section-height-default elementor-section-height-default\" data-id=\"4792490\" data-element_type=\"section\" data-e-type=\"section\">\n\t\t\t\t\t\t<div class=\"elementor-container elementor-column-gap-default\">\n\t\t\t\t\t<div class=\"elementor-column elementor-col-100 elementor-top-column elementor-element elementor-element-8fbb98e\" data-id=\"8fbb98e\" data-element_type=\"column\" data-e-type=\"column\">\n\t\t\t<div class=\"elementor-widget-wrap elementor-element-populated\">\n\t\t\t\t\t\t<div class=\"elementor-element elementor-element-871c2c9 elementor-widget elementor-widget-text-editor\" data-id=\"871c2c9\" data-element_type=\"widget\" data-e-type=\"widget\" data-widget_type=\"text-editor.default\">\n\t\t\t\t<div class=\"elementor-widget-container\">\n\t\t\t\t\t\t\t\t\t<p>Short film created on a workshop of film makers organised by the association of Slovak film editors ASFS <em>Asoci\u00e1cia slovensk\u00fdch filmov\u00fdch striha\u010dov<\/em>. Music composition: Barbora Tom\u00e1\u0161kov\u00e1.<\/p>\t\t\t\t\t\t\t\t<\/div>\n\t\t\t\t<\/div>\n\t\t\t\t\t<\/div>\n\t\t<\/div>\n\t\t\t\t\t<\/div>\n\t\t<\/section>\n\t\t\t\t<section class=\"elementor-section elementor-top-section elementor-element elementor-element-304df4f elementor-section-boxed elementor-section-height-default elementor-section-height-default\" data-id=\"304df4f\" data-element_type=\"section\" data-e-type=\"section\">\n\t\t\t\t\t\t<div class=\"elementor-container elementor-column-gap-default\">\n\t\t\t\t\t<div class=\"elementor-column elementor-col-100 elementor-top-column elementor-element elementor-element-bdd2f5b\" data-id=\"bdd2f5b\" data-element_type=\"column\" data-e-type=\"column\">\n\t\t\t<div class=\"elementor-widget-wrap elementor-element-populated\">\n\t\t\t\t\t\t<div class=\"elementor-element elementor-element-57e3a7b elementor-widget elementor-widget-spacer\" data-id=\"57e3a7b\" data-element_type=\"widget\" data-e-type=\"widget\" data-widget_type=\"spacer.default\">\n\t\t\t\t<div class=\"elementor-widget-container\">\n\t\t\t\t\t\t\t<div class=\"elementor-spacer\">\n\t\t\t<div class=\"elementor-spacer-inner\"><\/div>\n\t\t<\/div>\n\t\t\t\t\t\t<\/div>\n\t\t\t\t<\/div>\n\t\t\t\t\t<\/div>\n\t\t<\/div>\n\t\t\t\t\t<\/div>\n\t\t<\/section>\n\t\t\t\t<section class=\"elementor-section elementor-top-section elementor-element elementor-element-d016907 elementor-section-boxed elementor-section-height-default elementor-section-height-default\" data-id=\"d016907\" data-element_type=\"section\" data-e-type=\"section\">\n\t\t\t\t\t\t<div class=\"elementor-container elementor-column-gap-default\">\n\t\t\t\t\t<div class=\"elementor-column elementor-col-100 elementor-top-column elementor-element elementor-element-f5b472e\" data-id=\"f5b472e\" data-element_type=\"column\" data-e-type=\"column\">\n\t\t\t<div class=\"elementor-widget-wrap elementor-element-populated\">\n\t\t\t\t\t\t<div class=\"elementor-element elementor-element-602c908 elementor-widget elementor-widget-text-editor\" data-id=\"602c908\" data-element_type=\"widget\" data-e-type=\"widget\" data-widget_type=\"text-editor.default\">\n\t\t\t\t<div class=\"elementor-widget-container\">\n\t\t\t\t\t\t\t\t\t<h3>Jahodov\u00e9 dni \/ Strawberry Days <em>(2016)<\/em><\/h3><div><em>\u00a0<\/em><\/div><div><em>\u00a0<\/em><\/div>\t\t\t\t\t\t\t\t<\/div>\n\t\t\t\t<\/div>\n\t\t\t\t\t<\/div>\n\t\t<\/div>\n\t\t\t\t\t<\/div>\n\t\t<\/section>\n\t\t\t\t<section class=\"elementor-section elementor-top-section elementor-element elementor-element-b658f24 elementor-section-boxed elementor-section-height-default elementor-section-height-default\" data-id=\"b658f24\" data-element_type=\"section\" data-e-type=\"section\">\n\t\t\t\t\t\t<div class=\"elementor-container elementor-column-gap-default\">\n\t\t\t\t\t<div class=\"elementor-column elementor-col-100 elementor-top-column elementor-element elementor-element-7b9d1b5\" data-id=\"7b9d1b5\" data-element_type=\"column\" data-e-type=\"column\">\n\t\t\t<div class=\"elementor-widget-wrap elementor-element-populated\">\n\t\t\t\t\t\t<div class=\"elementor-element elementor-element-b84b9ce elementor-widget elementor-widget-video\" data-id=\"b84b9ce\" data-element_type=\"widget\" data-e-type=\"widget\" data-settings=\"{&quot;video_type&quot;:&quot;vimeo&quot;}\" data-widget_type=\"video.default\">\n\t\t\t\t<div class=\"elementor-widget-container\">\n\t\t\t\t\t\t\t<div class=\"elementor-wrapper elementor-open-inline\">\n\t\t\t<iframe class=\"elementor-video-iframe\" allowfullscreen allow=\"clipboard-write\" title=\"vimeo Video Player\" src=\"https:\/\/player.vimeo.com\/video\/266095354?color&amp;autopause=0&amp;loop=0&amp;muted=0&amp;title=0&amp;portrait=0&amp;byline=0#t=\"><\/iframe>\t\t<\/div>\n\t\t\t\t\t\t<\/div>\n\t\t\t\t<\/div>\n\t\t\t\t\t<\/div>\n\t\t<\/div>\n\t\t\t\t\t<\/div>\n\t\t<\/section>\n\t\t\t\t<section class=\"elementor-section elementor-top-section elementor-element elementor-element-8eab1d0 elementor-section-boxed elementor-section-height-default elementor-section-height-default\" data-id=\"8eab1d0\" data-element_type=\"section\" data-e-type=\"section\">\n\t\t\t\t\t\t<div class=\"elementor-container elementor-column-gap-default\">\n\t\t\t\t\t<div class=\"elementor-column elementor-col-100 elementor-top-column elementor-element elementor-element-04c9781\" data-id=\"04c9781\" data-element_type=\"column\" data-e-type=\"column\">\n\t\t\t<div class=\"elementor-widget-wrap elementor-element-populated\">\n\t\t\t\t\t\t<div class=\"elementor-element elementor-element-f85466e elementor-widget elementor-widget-text-editor\" data-id=\"f85466e\" data-element_type=\"widget\" data-e-type=\"widget\" data-widget_type=\"text-editor.default\">\n\t\t\t\t<div class=\"elementor-widget-container\">\n\t\t\t\t\t\t\t\t\t<p>AWARDS:<br \/>10th Tbilisi International Student Film Festival, Tbilisi, Georgia (31.5.-4.6.2017) &#8211; award for The best animation film<br \/>28th annual national prize IGRIC, Bratislava (28.9.2017) &#8211; Prize of J\u00e1n Fajnor for filmmakers younger than 35 &#8211; The best animation<\/p><p>SCREENINGS:<br \/>17th International Film Schools Festival, Uruguay, Argentina (10.-13.8.2017) &#8211; animation competition<br \/>8th ANIBAR Animation Festival, Peja, Kosovo (14.-20.8.2017) &#8211; International competition<br \/>CaSFFA &#8211; Czech and Slovak Film Festival in Australia, Melbourne, Australia (13.-23.9.2017) &#8211; representative pannel<br \/>TAF Thessaloniki Animation Festival, Thessaloniki, Greece (19.-22.10.2017) &#8211; animation competition<br \/>14th Festival International du Court M\u00e9trage Insolite, Fantastique, Rennes, France (19.-22.10.2017) &#8211; animation competition.<\/p><p>Film was created by Eva Sekere\u0161ov\u00e1.<\/p><p>Music composition: Barbora Tom\u00e1\u0161kov\u00e1.<\/p>\t\t\t\t\t\t\t\t<\/div>\n\t\t\t\t<\/div>\n\t\t\t\t\t<\/div>\n\t\t<\/div>\n\t\t\t\t\t<\/div>\n\t\t<\/section>\n\t\t\t\t<section class=\"elementor-section elementor-top-section elementor-element elementor-element-ca62c46 elementor-section-boxed elementor-section-height-default elementor-section-height-default\" data-id=\"ca62c46\" data-element_type=\"section\" data-e-type=\"section\">\n\t\t\t\t\t\t<div class=\"elementor-container elementor-column-gap-default\">\n\t\t\t\t\t<div class=\"elementor-column elementor-col-100 elementor-top-column elementor-element elementor-element-bea6291\" data-id=\"bea6291\" data-element_type=\"column\" data-e-type=\"column\">\n\t\t\t<div class=\"elementor-widget-wrap elementor-element-populated\">\n\t\t\t\t\t\t<div class=\"elementor-element elementor-element-77096a0 elementor-widget elementor-widget-spacer\" data-id=\"77096a0\" data-element_type=\"widget\" data-e-type=\"widget\" data-widget_type=\"spacer.default\">\n\t\t\t\t<div class=\"elementor-widget-container\">\n\t\t\t\t\t\t\t<div class=\"elementor-spacer\">\n\t\t\t<div class=\"elementor-spacer-inner\"><\/div>\n\t\t<\/div>\n\t\t\t\t\t\t<\/div>\n\t\t\t\t<\/div>\n\t\t\t\t\t<\/div>\n\t\t<\/div>\n\t\t\t\t\t<\/div>\n\t\t<\/section>\n\t\t\t\t<section class=\"elementor-section elementor-top-section elementor-element elementor-element-dd26d02 elementor-section-boxed elementor-section-height-default elementor-section-height-default\" data-id=\"dd26d02\" data-element_type=\"section\" data-e-type=\"section\">\n\t\t\t\t\t\t<div class=\"elementor-container elementor-column-gap-default\">\n\t\t\t\t\t<div class=\"elementor-column elementor-col-100 elementor-top-column elementor-element elementor-element-88cefc4\" data-id=\"88cefc4\" data-element_type=\"column\" data-e-type=\"column\">\n\t\t\t<div class=\"elementor-widget-wrap elementor-element-populated\">\n\t\t\t\t\t\t<div class=\"elementor-element elementor-element-cbe7933 elementor-widget elementor-widget-text-editor\" data-id=\"cbe7933\" data-element_type=\"widget\" data-e-type=\"widget\" data-widget_type=\"text-editor.default\">\n\t\t\t\t<div class=\"elementor-widget-container\">\n\t\t\t\t\t\t\t\t\t<h3>Nov\u00fd Svet \/ New World <em>(2015)<\/em><\/h3><div><em>\u00a0<\/em><\/div><div><em>\u00a0<\/em><\/div>\t\t\t\t\t\t\t\t<\/div>\n\t\t\t\t<\/div>\n\t\t\t\t\t<\/div>\n\t\t<\/div>\n\t\t\t\t\t<\/div>\n\t\t<\/section>\n\t\t\t\t<section class=\"elementor-section elementor-top-section elementor-element elementor-element-89dccd9 elementor-section-boxed elementor-section-height-default elementor-section-height-default\" data-id=\"89dccd9\" data-element_type=\"section\" data-e-type=\"section\">\n\t\t\t\t\t\t<div class=\"elementor-container elementor-column-gap-default\">\n\t\t\t\t\t<div class=\"elementor-column elementor-col-100 elementor-top-column elementor-element elementor-element-f1aa556\" data-id=\"f1aa556\" data-element_type=\"column\" data-e-type=\"column\">\n\t\t\t<div class=\"elementor-widget-wrap elementor-element-populated\">\n\t\t\t\t\t\t<div class=\"elementor-element elementor-element-3770fa9 elementor-widget elementor-widget-video\" data-id=\"3770fa9\" data-element_type=\"widget\" data-e-type=\"widget\" data-settings=\"{&quot;youtube_url&quot;:&quot;https:\\\/\\\/www.youtube.com\\\/watch?v=gK4t3ZZCrI8&amp;t=90s&quot;,&quot;video_type&quot;:&quot;youtube&quot;,&quot;controls&quot;:&quot;yes&quot;}\" data-widget_type=\"video.default\">\n\t\t\t\t<div class=\"elementor-widget-container\">\n\t\t\t\t\t\t\t<div class=\"elementor-wrapper elementor-open-inline\">\n\t\t\t<div class=\"elementor-video\"><\/div>\t\t<\/div>\n\t\t\t\t\t\t<\/div>\n\t\t\t\t<\/div>\n\t\t\t\t\t<\/div>\n\t\t<\/div>\n\t\t\t\t\t<\/div>\n\t\t<\/section>\n\t\t\t\t<section class=\"elementor-section elementor-top-section elementor-element elementor-element-5c12c13 elementor-section-boxed elementor-section-height-default elementor-section-height-default\" data-id=\"5c12c13\" data-element_type=\"section\" data-e-type=\"section\">\n\t\t\t\t\t\t<div class=\"elementor-container elementor-column-gap-default\">\n\t\t\t\t\t<div class=\"elementor-column elementor-col-100 elementor-top-column elementor-element elementor-element-2eea468\" data-id=\"2eea468\" data-element_type=\"column\" data-e-type=\"column\">\n\t\t\t<div class=\"elementor-widget-wrap elementor-element-populated\">\n\t\t\t\t\t\t<div class=\"elementor-element elementor-element-c711416 elementor-widget elementor-widget-text-editor\" data-id=\"c711416\" data-element_type=\"widget\" data-e-type=\"widget\" data-widget_type=\"text-editor.default\">\n\t\t\t\t<div class=\"elementor-widget-container\">\n\t\t\t\t\t\t\t\t\t<p style=\"text-align: left;\">Documentary film by Tereza Michalov\u00e1.<\/p><p style=\"text-align: left;\">Music composition: Barbora Tom\u00e1\u0161kov\u00e1.<\/p>\t\t\t\t\t\t\t\t<\/div>\n\t\t\t\t<\/div>\n\t\t\t\t\t<\/div>\n\t\t<\/div>\n\t\t\t\t\t<\/div>\n\t\t<\/section>\n\t\t\t\t<section class=\"elementor-section elementor-top-section elementor-element elementor-element-6cd0a70 elementor-section-boxed elementor-section-height-default elementor-section-height-default\" data-id=\"6cd0a70\" data-element_type=\"section\" data-e-type=\"section\">\n\t\t\t\t\t\t<div class=\"elementor-container elementor-column-gap-default\">\n\t\t\t\t\t<div class=\"elementor-column elementor-col-100 elementor-top-column elementor-element elementor-element-9949aa6\" data-id=\"9949aa6\" data-element_type=\"column\" data-e-type=\"column\">\n\t\t\t<div class=\"elementor-widget-wrap elementor-element-populated\">\n\t\t\t\t\t\t<div class=\"elementor-element elementor-element-c8116e7 elementor-widget elementor-widget-spacer\" data-id=\"c8116e7\" data-element_type=\"widget\" data-e-type=\"widget\" data-widget_type=\"spacer.default\">\n\t\t\t\t<div class=\"elementor-widget-container\">\n\t\t\t\t\t\t\t<div class=\"elementor-spacer\">\n\t\t\t<div class=\"elementor-spacer-inner\"><\/div>\n\t\t<\/div>\n\t\t\t\t\t\t<\/div>\n\t\t\t\t<\/div>\n\t\t\t\t\t<\/div>\n\t\t<\/div>\n\t\t\t\t\t<\/div>\n\t\t<\/section>\n\t\t\t\t<section class=\"elementor-section elementor-top-section elementor-element elementor-element-f870615 elementor-section-boxed elementor-section-height-default elementor-section-height-default\" data-id=\"f870615\" data-element_type=\"section\" data-e-type=\"section\">\n\t\t\t\t\t\t<div class=\"elementor-container elementor-column-gap-default\">\n\t\t\t\t\t<div class=\"elementor-column elementor-col-100 elementor-top-column elementor-element elementor-element-5a3586d\" data-id=\"5a3586d\" data-element_type=\"column\" data-e-type=\"column\">\n\t\t\t<div class=\"elementor-widget-wrap elementor-element-populated\">\n\t\t\t\t\t\t<div class=\"elementor-element elementor-element-d33676e elementor-widget elementor-widget-text-editor\" data-id=\"d33676e\" data-element_type=\"widget\" data-e-type=\"widget\" data-widget_type=\"text-editor.default\">\n\t\t\t\t<div class=\"elementor-widget-container\">\n\t\t\t\t\t\t\t\t\t<h3>V tme \/ In the dark <em>(2010)<\/em><\/h3><div><em>\u00a0<\/em><\/div><div><em>\u00a0<\/em><\/div>\t\t\t\t\t\t\t\t<\/div>\n\t\t\t\t<\/div>\n\t\t\t\t\t<\/div>\n\t\t<\/div>\n\t\t\t\t\t<\/div>\n\t\t<\/section>\n\t\t\t\t<section class=\"elementor-section elementor-top-section elementor-element elementor-element-1c358b2 elementor-section-boxed elementor-section-height-default elementor-section-height-default\" data-id=\"1c358b2\" data-element_type=\"section\" data-e-type=\"section\">\n\t\t\t\t\t\t<div class=\"elementor-container elementor-column-gap-default\">\n\t\t\t\t\t<div class=\"elementor-column elementor-col-100 elementor-top-column elementor-element elementor-element-6f49874\" data-id=\"6f49874\" data-element_type=\"column\" data-e-type=\"column\">\n\t\t\t<div class=\"elementor-widget-wrap elementor-element-populated\">\n\t\t\t\t\t\t<div class=\"elementor-element elementor-element-5500144 elementor-widget elementor-widget-video\" data-id=\"5500144\" data-element_type=\"widget\" data-e-type=\"widget\" data-settings=\"{&quot;video_type&quot;:&quot;vimeo&quot;}\" data-widget_type=\"video.default\">\n\t\t\t\t<div class=\"elementor-widget-container\">\n\t\t\t\t\t\t\t<div class=\"elementor-wrapper elementor-open-inline\">\n\t\t\t<iframe class=\"elementor-video-iframe\" allowfullscreen allow=\"clipboard-write\" title=\"vimeo Video Player\" src=\"https:\/\/player.vimeo.com\/video\/12481924?color&amp;autopause=0&amp;loop=0&amp;muted=0&amp;title=0&amp;portrait=0&amp;byline=0#t=\"><\/iframe>\t\t<\/div>\n\t\t\t\t\t\t<\/div>\n\t\t\t\t<\/div>\n\t\t\t\t\t<\/div>\n\t\t<\/div>\n\t\t\t\t\t<\/div>\n\t\t<\/section>\n\t\t\t\t<section class=\"elementor-section elementor-top-section elementor-element elementor-element-507d351 elementor-section-boxed elementor-section-height-default elementor-section-height-default\" data-id=\"507d351\" data-element_type=\"section\" data-e-type=\"section\">\n\t\t\t\t\t\t<div class=\"elementor-container elementor-column-gap-default\">\n\t\t\t\t\t<div class=\"elementor-column elementor-col-100 elementor-top-column elementor-element elementor-element-a9b65b8\" data-id=\"a9b65b8\" data-element_type=\"column\" data-e-type=\"column\">\n\t\t\t<div class=\"elementor-widget-wrap elementor-element-populated\">\n\t\t\t\t\t\t<div class=\"elementor-element elementor-element-b062aa9 elementor-widget elementor-widget-text-editor\" data-id=\"b062aa9\" data-element_type=\"widget\" data-e-type=\"widget\" data-widget_type=\"text-editor.default\">\n\t\t\t\t<div class=\"elementor-widget-container\">\n\t\t\t\t\t\t\t\t\t<p>Animation movie by Sl\u00e1vka Abelov\u00e1.&nbsp;<\/p><p><span style=\"font-weight: var( --e-global-typography-text-font-weight );\">Music composition: Barbora Tom\u00e1\u0161kov\u00e1.<\/span><\/p>\n<p>Awarded by 2nd prize on an international festival of student animation movies (2011).<\/p>\t\t\t\t\t\t\t\t<\/div>\n\t\t\t\t<\/div>\n\t\t\t\t\t<\/div>\n\t\t<\/div>\n\t\t\t\t\t<\/div>\n\t\t<\/section>\n\t\t\t\t<\/div>\n\t\t","protected":false},"excerpt":{"rendered":"<p>Ide furman dolinou&nbsp;(2023) Dokument\u00e1rny film, r\u00e9\u017eia: Dominik Jursa &nbsp; Prebyto\u010dn\u00fd \u010dlovek?&nbsp;(2023) Dokument\u00e1rny film, r\u00e9\u017eia: Debora Pastir\u010d\u00e1kov\u00e1 kliknut\u00edm spusti\u0165 film&nbsp; Komu patr\u00ed mesto &#8211; Bratislava&nbsp;(2023) Dokument\u00e1rny film, r\u00e9\u017eia: Dominik Jursa klikn\u00fa\u0165 na film \/ click to check the movie Revitaliz\u00e1cia vodn\u00fdch tokov&nbsp;(12\/2021) Dokument\u00e1rny film z cyklu EKO \u010falej &#8211; RTVS, r\u00e9\u017eia: Dominik Jursa Spusti\u0165 film \/ [&hellip;]<\/p>\n","protected":false},"author":1,"featured_media":0,"parent":0,"menu_order":0,"comment_status":"closed","ping_status":"closed","template":"","meta":{"ngg_post_thumbnail":0,"footnotes":""},"class_list":["post-12","page","type-page","status-publish","hentry"],"aioseo_notices":[],"_links":{"self":[{"href":"https:\/\/barboratomaskova.com\/index.php\/wp-json\/wp\/v2\/pages\/12","targetHints":{"allow":["GET"]}}],"collection":[{"href":"https:\/\/barboratomaskova.com\/index.php\/wp-json\/wp\/v2\/pages"}],"about":[{"href":"https:\/\/barboratomaskova.com\/index.php\/wp-json\/wp\/v2\/types\/page"}],"author":[{"embeddable":true,"href":"https:\/\/barboratomaskova.com\/index.php\/wp-json\/wp\/v2\/users\/1"}],"replies":[{"embeddable":true,"href":"https:\/\/barboratomaskova.com\/index.php\/wp-json\/wp\/v2\/comments?post=12"}],"version-history":[{"count":42,"href":"https:\/\/barboratomaskova.com\/index.php\/wp-json\/wp\/v2\/pages\/12\/revisions"}],"predecessor-version":[{"id":491,"href":"https:\/\/barboratomaskova.com\/index.php\/wp-json\/wp\/v2\/pages\/12\/revisions\/491"}],"wp:attachment":[{"href":"https:\/\/barboratomaskova.com\/index.php\/wp-json\/wp\/v2\/media?parent=12"}],"curies":[{"name":"wp","href":"https:\/\/api.w.org\/{rel}","templated":true}]}}