{"id":18,"date":"2021-03-30T16:20:26","date_gmt":"2021-03-30T16:20:26","guid":{"rendered":"https:\/\/barboratomaskova.com\/?page_id=18"},"modified":"2026-03-29T13:15:05","modified_gmt":"2026-03-29T13:15:05","slug":"upcoming-events","status":"publish","type":"page","link":"https:\/\/barboratomaskova.com\/index.php\/upcoming-events\/","title":{"rendered":"Upcoming Events"},"content":{"rendered":"\t\t<div data-elementor-type=\"wp-page\" data-elementor-id=\"18\" class=\"elementor elementor-18\">\n\t\t\t\t\t\t<section class=\"elementor-section elementor-top-section elementor-element elementor-element-f3a1218 elementor-section-boxed elementor-section-height-default elementor-section-height-default\" data-id=\"f3a1218\" data-element_type=\"section\" data-e-type=\"section\">\n\t\t\t\t\t\t<div class=\"elementor-container elementor-column-gap-default\">\n\t\t\t\t\t<div class=\"elementor-column elementor-col-100 elementor-top-column elementor-element elementor-element-76ab5bc\" data-id=\"76ab5bc\" data-element_type=\"column\" data-e-type=\"column\">\n\t\t\t<div class=\"elementor-widget-wrap elementor-element-populated\">\n\t\t\t\t\t\t<div class=\"elementor-element elementor-element-889d3a9 elementor-widget elementor-widget-text-editor\" data-id=\"889d3a9\" data-element_type=\"widget\" data-e-type=\"widget\" data-widget_type=\"text-editor.default\">\n\t\t\t\t<div class=\"elementor-widget-container\">\n\t\t\t\t\t\t\t\t\t<p><strong>EARLY 2026 &#8211; SPRING<\/strong><\/p><p><strong>30.1.2026 Concert performance in <span style=\"color: #ff6600;\">La Cl\u00ednica Latencia<\/span> (Oaxaca, Mexico)<\/strong><\/p><p><strong>31.1.2026 C<\/strong><strong>oncert performance in La Cl\u00ednica Latencia (Oaxaca, Mexico)<\/strong><\/p><p><strong>7.2.2026 Concert performance at the <span style=\"color: #ff6600;\">Festival FILEC &#8211; Teatro Ocampo<\/span> (Cuernavaca, Morelos &#8211; Mexico)<\/strong><\/p><p><strong>8.2.2026\u00a0<\/strong><strong>Concert performance in <span style=\"color: #ff6600;\">Kaf\u00e9 Kua<\/span> (Tepoztl\u00e1n-Amatl\u00e1n, Mexico)<\/strong><\/p><p><strong>11.2.2026\u00a0<\/strong><strong>Concert performance in <span style=\"color: #ff6600;\">Venas Rotas Discas<\/span> with Alex Tux (Mexico City, Mexico)<\/strong><\/p><p><strong>12.2.2026\u00a0<\/strong><strong>Concert performance in <span style=\"color: #ff6600;\">Casa del Lago UNAM<\/span> (Mexico City)<\/strong><\/p><p><strong>13.2.2026\u00a0<\/strong><strong>Concert performance in VOLTA, <span style=\"color: #ff6600;\">VOLTA sessions<\/span> event (Mexico City, Mexico)<\/strong><\/p><p><span style=\"color: #ff6600;\"><em>this Mexico tour was supported using public funds by the Slovak arts council<\/em><\/span><\/p><p>\u00a0<\/p><p><strong>WINTER 2025<\/strong><\/p><p><strong>14.11.<\/strong> Slovak premiere of my piece for string orchestra Larsen C at the festival<span style=\"color: #ff6600;\"><strong> Nov\u00e1 slovensk\u00e1 hudba<\/strong><\/span> (Slovensk\u00fd Rozhlas, BA)<\/p><p><strong>26.11.<\/strong> My piece Len to is performed by<span style=\"color: #ff6600;\"><strong>\u00a0Alia Amnis<\/strong><\/span> (Dvorana V\u0160MU, BA)<\/p><p><strong>29.11. <\/strong>Performance of <span style=\"color: #ff6600;\"><strong>The Workshop Orchestra with Fred Frith<\/strong> <\/span>as a part of the <strong><span style=\"color: #ff6600;\">NEXT FESTIVAL<\/span><\/strong><\/p><p>+ tour in Mexico in February 2026<\/p><p><strong>PAST EVENTS<\/strong><\/p><p><strong>WINTER &#8211; FALL 2025<\/strong><\/p><p><strong>9.1. <span style=\"color: #ff6600;\">Berlin premiere of XXXIII\/\/\/ <\/span><\/strong>Simulakrum presents multimedia dance-music performance \u00a0(Berlin, Uferstudios)<\/p><p><strong>10.1 <\/strong>\u00a0Live multimedia dance-music performance\u00a0<strong>XXXIII\/\/\/ <\/strong>(Uferstudios, Berlin)<\/p><p><strong>11.1 XXXIII\/\/\/ <\/strong>(Uferstudios, Berlin)<\/p><p><strong>3.3. <\/strong>Concert as a duo with percussionist and improviser <strong><span style=\"color: #ff6600;\">Emilio Gordoa (MX)<\/span><\/strong> (Celeste, Vienna)<\/p><p><strong>9.4. <\/strong>Live multimedia dance-music performance\u00a0<strong>XXXIII\/\/\/ <\/strong>(PAKT, Bratislava)<\/p><p><strong>14.4. <\/strong>Concert with the <strong><span style=\"color: #ff6600;\">Bratislava improvisers orchestra<\/span><\/strong> (A4, Bratislava)<\/p><p><strong>2.5. <\/strong>Concert as a <strong><span style=\"color: #ff6600;\">duo with Emilio Gordoa<\/span> <\/strong>(Echoraum, Vienna)<\/p><p><strong>30.5. <\/strong>Premiere of my new ensemble piece\u00a0<span style=\"color: #ff6600;\"><strong>Pulsum Noctis <\/strong>by<strong> ENSEMBLE MODERN<\/strong><\/span> comissioned by the <strong><span style=\"color: #ff6600;\">festival Pra\u017esk\u00e9 Jaro<\/span><\/strong> (DOX, Prague)<\/p><p><strong>20.6.<\/strong> Concert performance as a part of the event <strong><span style=\"color: #ff6600;\">T3 &#8211; KONE\u010cN\u00c1<\/span> <\/strong>(T3, BA)<\/p><p><strong>4.7.<\/strong> Solo concert performance at the festival <span style=\"color: #ff6600;\"><strong>HRADBY SAMOTY<\/strong><\/span><\/p><p><strong>24.7.<\/strong> Live hybrid multimedia dance-music performance\u00a0<strong><span style=\"color: #ff6600;\">XXXIII\/\/\/<\/span> <\/strong>at <strong><span style=\"color: #ff6600;\">KIOSK Festival<\/span> <\/strong>(Nov\u00e1 Synag\u00f3ga v \u017diline, SK)<\/p><p><strong>19.7.-2.8. <span style=\"color: #ff6600;\">Darmst\u00e4dter ferienkurse<\/span><\/strong><\/p><p>This project has been <em>supported using public funds<\/em> provided <em>by<\/em> Slovak Arts Council<\/p><p><strong>13.9. <span style=\"color: #ff6600;\">Concert performance in Sonoscopia<\/span> (Sonoscopia, Porto)<\/strong><\/p><p>This project has been <em>supported using public funds<\/em> provided <em>by<\/em> Slovak Arts Council<\/p><p><strong>25.9<\/strong>. Concert performance in <strong><span style=\"color: #ff6600;\">Rosenfeldov pal\u00e1c<\/span> <\/strong>(\u017dilina, SK)<\/p><p><strong>14.11.<\/strong> Slovak premiere of my piece for string orchestra Larsen C at the festival<span style=\"color: #ff6600;\"><strong> Nov\u00e1 slovensk\u00e1 hudba<\/strong><\/span> (Slovensk\u00fd Rozhlas, BA)<\/p><p><strong>27.11.<\/strong> Premiere of my new piece for string quartett and live-electronics by <span style=\"color: #ff6600;\"><strong>Spectrum Quartett<\/strong><\/span> (Klarisky, BA) \/ postponed<\/p>\t\t\t\t\t\t\t\t<\/div>\n\t\t\t\t<\/div>\n\t\t\t\t\t<\/div>\n\t\t<\/div>\n\t\t\t\t\t<\/div>\n\t\t<\/section>\n\t\t\t\t<section class=\"elementor-section elementor-top-section elementor-element elementor-element-22a2d73 elementor-section-boxed elementor-section-height-default elementor-section-height-default\" data-id=\"22a2d73\" data-element_type=\"section\" data-e-type=\"section\">\n\t\t\t\t\t\t<div class=\"elementor-container elementor-column-gap-default\">\n\t\t\t\t\t<div class=\"elementor-column elementor-col-100 elementor-top-column elementor-element elementor-element-e6ba648\" data-id=\"e6ba648\" data-element_type=\"column\" data-e-type=\"column\">\n\t\t\t<div class=\"elementor-widget-wrap elementor-element-populated\">\n\t\t\t\t\t\t<div class=\"elementor-element elementor-element-8a28f69 elementor-widget elementor-widget-text-editor\" data-id=\"8a28f69\" data-element_type=\"widget\" data-e-type=\"widget\" data-widget_type=\"text-editor.default\">\n\t\t\t\t<div class=\"elementor-widget-container\">\n\t\t\t\t\t\t\t\t\t<p><strong>AUTUMN &#8211; WINTER \u00a02024<\/strong><\/p><p><strong>5.9.<\/strong>\u00a0MY ALBUM RELEASE: Z DNA, accessible on Bandcamp!<\/p><p><strong>28.9.<\/strong> 16:00 \u00a0 Solo performance in a garden of \u00a0Vanek house, part of exhibition (Koliba, Bratislava)<\/p><p><strong>5.10. <\/strong>20:00 \u00a0Playing as a trio with guests: Robert Kol\u00e1\u0159 (SK, trumpet), Emilio Gordoa (Mexiko, percussion and electronics). DOM &#8211; festival of contamporary art, DOM UMENIA (Bratislava, SK)<\/p><p><strong>18.10. <\/strong>Improvisation concert as a duo with \u0160tefan Szab\u00f3 (H\u00e1jov\u0148a, Bansk\u00e1 \u0160tiavnica)<\/p><p><strong>2.11. 17:00\u00a0<\/strong>Playing at MFDF Ji.hlava &#8211; <em>Hudebn\u00ed stan<\/em>, as a solo\/trio improvisation concert with Ivan Palack\u00fd (CZ) and Emilio Gordoa (MX) (Jihlava, CZ)<\/p><p><strong>4.11.<\/strong>\u00a0Premiere of a multimedia dance-theatre performance <strong>XXXIII\/\/\/<\/strong> in PAL\u00c1C AKROPOLIS, (Prague, CZ)<\/p><p><strong>5.11. \u00a0<\/strong>Second premiere of\u00a0<strong>XXXIII\/\/\/ <\/strong>(Prague, CZ)<\/p><p><strong>17.11.<\/strong>\u00a0Official opening of the theatre Divadlo Ar\u00e9na after reconstruction; Premiere of a theatre play by Henrik Ibsen &#8211; Nepriate\u013e \u00a0\u013dudu (director &#8211; R. Ballek, music &#8211; B. Tom\u00e1\u0161kov\u00e1), DIVADLO AR\u00c9NA (BRATISLAVA, SK)<\/p><p><strong>18.11.<\/strong>\u00a0DIVADLO AR\u00e9NA &#8211; Nepriate\u013e \u013dudu &#8211; Second premiere<\/p><p><strong>9.1. Simulakrum presents live multimedia dance-music performance\u00a0XXXIII\/\/\/ \u00a0(Berlin, Uferstudios)<\/strong><\/p><p><strong>10.1 \u00a0Live multimedia dance-music performance\u00a0XXXIII\/\/\/ <\/strong>(Uferstudios, Berlin)<\/p><p><strong>11.1 XXXIII\/\/\/ (Uferstudios, Berlin)<\/strong><\/p><p><strong>\u00a0<\/strong><\/p><p><strong>SPRING &#8211; SUMMER 2024<\/strong><\/p><p><strong>9.3.<\/strong>\u00a0Concert as a duo with an improviser and guitar player \u0160tefan Szab\u00f3 &#8211; Schemnitz Gallery (Bansk\u00e1 \u0160tiavnica, SK)<\/p><p><strong>10.3.<\/strong> Premiere of my piece for ensemble Alia Amnis, Theatre VIOLA (Pre\u0161ov, SK)<\/p><p><strong>13.4.<\/strong>\u00a0My piece for Alia Amnis ensemble is performed in Klarisky (Bratislava, SK)<\/p><p><strong>19.4. <\/strong>Concert with violin player Roz\u00e1lia Mikl\u00e1\u0161ov\u00e1 in PAKT, together with Valentina Magaletti (Bratislava, SK)<\/p><p><strong>30.5.<\/strong> Premiere of VR multimedia installation in FUCHS, playing as a guest musician (Prague, \u010cR) \/ EVENT CANCELLED<\/p><p><strong>2.6.<\/strong> Performing the piece of Georg Friedrich HAAS 11000 Seiten, with Klangforum Wien as a part of the festival Pra\u017esk\u00e9 Jaro\/ The Prague Spring (Forum Karl\u00edn, Prague, \u010cR)<\/p><p><strong>29.6.<\/strong> Concert at the venue Rudavsky Magic Garden (Bratislava, SK)<\/p><p><strong>4.7.<\/strong> Concert &#8211; Taba\u010dka Kulturfabrik (Ko\u0161ice, SK)<\/p><p><strong>20.7.<\/strong> Concert at the festival 66 hod\u00edn (Smoln\u00edk, SK)<\/p><p><strong>SPRING &#8211; AUTUMN 2023<\/strong><\/p><p><strong>15.3.<\/strong> 20:30 Playing as a part of the Bratislava improvising orchestra (Nult\u00fd priestor A4, SK, Bratislava)<\/p><p><strong>8.6.<\/strong> Solo performance &#8211; PAKT cultural center (SK, Bratislava)<\/p><p><strong>24.6.<\/strong> Solo concert performance &#8211; Festival <span style=\"color: #ff6600;\">HYPER TASTE<\/span> (AT, Freistadt)<\/p><p><strong>26.8.<\/strong> Solo performance &#8211; Festival <span style=\"color: #ff6600;\">A DAY OF SOUND<\/span>, GASK (\u010cR, Kutn\u00e1 Hora)<\/p><p><strong>10.9.<\/strong> Solo performance &#8211; <span style=\"color: #ff6600;\">Pru<span style=\"caret-color: #5f6368; font-family: arial, sans-serif; font-size: 14px;\">\u00fc<\/span>ger-Wallnerova z\u00e1hrada<\/span> (SK, Bratislava)<\/p><p><strong>13.10.<\/strong>\u00a0Premiere of my new ensemble piece by <strong><span style=\"color: #ff6600;\">VENI ACADEMY<\/span><\/strong> as a part of the festival JAMA (SK, Bansk\u00e1 \u0160tiavnica)<\/p><p><strong>18.10.<\/strong> Solo performance at <strong><span style=\"color: #ff6600;\">GIBANJA FESTIVAL<\/span><\/strong>\u00a0(Croatia, Zagreb)<\/p><p><strong>3.11.<\/strong> Premiere of my new piece for ensemble and electronics by <strong><span style=\"color: #ff6600;\">Ensemble Terrible<\/span><\/strong>, HAMU (\u010cR, Prague)<\/p><p><strong>10.11.\u00a0<\/strong>Performance of the multimedia installation <span style=\"color: #ff6600;\">Mar\u00edna<\/span>, music composition: Barbora Tom\u00e1\u0161kov\u00e1 (SK, ARTESKA, Detva)<\/p><p><strong>5.12. 19:30\u00a0<\/strong>Live concert performance as a duo <span style=\"color: #ff6600;\"><strong>Barbora<\/strong> <\/span><strong><span style=\"color: #ff6600;\">Tom\u00e1\u0161kov\u00e1 &amp; Oskar T\u00f6r\u00f6k<\/span> \u00a0&#8211; <\/strong>event\u00a0Wakushoppu in <strong><span style=\"color: #ff6600;\">PUNCTUM<\/span><\/strong> &#8211; KRASOVKA (CZ, Prague)<\/p><p><strong>16.12. <\/strong>Bratislava improvisers orchestra in<strong>\u00a0A4<\/strong> (SK, Bratislava)<\/p><p><strong>SUMMER &#8211; AUTUMN 2022<\/strong><\/p><p>9.7. 00:00 Concert performance on the <span style=\"color: #ff6600;\">FESTIVAL POHODA<\/span> &#8211; (Tren\u010d\u00edn airport, SK)<\/p><p>6.8. 20:00 Concert on the <span style=\"color: #ff6600;\">NO NOISE<\/span> Festival in Sonoscopia (Porto, PT)<\/p><p>26.8. 20:00 Performance of the multimedia installation Mar\u00edna, music composition: Barbora Tom\u00e1\u0161kov\u00e1 (20:00, H\u00e1jov\u0148a BS)<\/p><p>27.9. Solo Performance on Junior Design Fest (Umelka, BA)<\/p><p>28.9. \u00a0Premiere of a piece commisioned by the Czech radio programme <span style=\"color: #ff6600;\">R(A)DIOCUSTICA<\/span> on the radio station <span style=\"color: #ff6600;\">Vltava<\/span> (Prague, CZ)<\/p><p>5.-8.10. Solo performance in Sicily as a part of the<span style=\"color: #ff6600;\"> festival of contemporary slovak literature<\/span> (Catania, IT)<\/p><p>13.10. 19:00 Solo performance in \u00a0<span style=\"color: #ff6600;\">T3 kult\u00farny prostriedok<\/span> (Tyr\u0161ovo n\u00e1bre\u017eie, BA)<\/p><p>27.10. Solo performance as a part of the festival<span style=\"color: #ff6600;\">\u00a0Mezin\u00e1rodn\u00ed festival dokument\u00e1rn\u00edch film\u016f Ji.hlava <\/span>(Kostel sv. Ducha, Jihlava)<\/p><p>12.11. Solo performance on\u00a0<span style=\"color: #ff6600;\">ALTERNATIVA FESTIVAL <\/span><span style=\"color: #ffffff;\">in P<\/span><span style=\"color: #ffffff;\">rague (Pra<\/span><span style=\"color: #ffffff;\">ha, \u010cR)<\/span><\/p><p>14.12. \u00a0Solo performance in Wien (contemporary underground club RHIZ, Wien)<\/p><p>WINTER &#8211; SPRING 2021\/2022<\/p><p>17.1. 20:00. ART&#8217;S BIRTHDAY &#8211; Solo performance in Prague\u00a0<\/p><p>(20:10 Live-stream into radio station Vltava. Part of the concert evening will be live-streamed into European Braodcasters Union)<\/p><p><span style=\"color: #ff6600;\"><a style=\"color: #ff6600;\" href=\"http:\/\/www.alfredvedvore.cz\/cs\/program\/art-s-birthday-musica-metalicita-176\/\">art&#8217;s-birthday-program of the evening<\/a><\/span><\/p><p>21.1. 21:00. Concert performance in KLUB L\u00da\u010c &#8211; Tren\u010d\u00edn with a guest &#8211; violin player Roz\u00e1lia Mikl\u00e1\u0161ov\u00e1<\/p><p>4.2. 20:00. Concert performance in KC HVIEZDNE NOCI, Byt\u010da<\/p><p>28.-31.3. My solo piano piece will be performed in Shanghai\/Nanning in China as a part of the WORLD NEW MUSIC DAYS FESTIVAL<\/p><p>14.6. 20:00. Concert performance with violin player Roz\u00e1lia Mikl\u00e1\u0161ov\u00e1 in COOLTAJNER &#8211; Pova\u017esk\u00e1 Bystrica<\/p><p>25.6. 22:15 Performance of the multimedia installation\/theatre MAR\u00cdNA on the festival DIVN\u00c9 VECI, Music\u00a0composition: Barbora Tom\u00e1\u0161kov\u00e1<\/p><p>9.7. Concert performance on the Festival Pohoda<\/p><p>SUMMER &#8211; AUTUMN 2021<\/p><p>13. August. 19:00. S\u00f3lov\u00e1 performancia; festival PAFF.<\/p><p>21. August. Divadeln\u00e9 predstavenie MAR\u00edNA\u00a0<span style=\"font-weight: var( --e-global-typography-text-font-weight );\">v r\u00e1mci festivalu Vlnoplocha; r\u00e9\u017eia:<\/span> Da\u0161a Kri\u0161tofovi\u010dov\u00e1. Hudba: Barbora Tom\u00e1\u0161kov\u00e1 (RUINbar, Bansk\u00e1 \u0160tiavnica)<\/p><p>28. August. S\u00f3lov\u00e1 performancia; festival experiment\u00e1lnej hudby MELA. (Schaubmarov mlyn, Pezinok)<\/p><p>3. September. Koncertn\u00e1 performancia v r\u00e1mci festivalu KUlt\u00farne podujatie (Tren\u010d\u00edn &#8211; hrad)<\/p><p>18. September. Premi\u00e9ra skladby SAOJAS v r\u00e1mci festivalu KONVERGENCIE. Laure\u00e1t s\u00fa\u0165a\u017ee Konvergencie 2021 &#8211; skladba je jednou z piatich vybran\u00fdch skladieb s\u00fa\u0165a\u017ee mlad\u00fdch skladate\u013eov v r\u00e1mci festivalu Konvergencie.<\/p><p>16.Okt\u00f3ber. Repr\u00edza divadeln\u00e9ho predstavenia MAR\u00edNA v ART CAF\u00e9 v Banskej \u0160tiavnici.<\/p><p>9. November. Premi\u00e9ra skladby pre ans\u00e1mbel, elektroniku a live-electronics Ensemble I v r\u00e1mci festivalu Nov\u00e1 slovensk\u00e1 hudba 2021. Interpreti: Quasars Ensemble &#8211; Ivan Buffa. \/PRESUNUT\u00c9 &#8211; POSTPONED\/<\/p><p>27. November 2021.\u00a0<span style=\"font-weight: var( --e-global-typography-text-font-weight );\">NEXT Advanced Music Festival.<\/span>\u00a0Premi\u00e9ra koncertu pre elektroniku, zvukov\u00e9 objekty a husle. Moj\u00edm hos\u0165om bude huslistka Roz\u00e1lia Mikl\u00e1\u0161ov\u00e1.\u00a0 (A4, Bratislava)<\/p>\t\t\t\t\t\t\t\t<\/div>\n\t\t\t\t<\/div>\n\t\t\t\t\t<\/div>\n\t\t<\/div>\n\t\t\t\t\t<\/div>\n\t\t<\/section>\n\t\t\t\t<\/div>\n\t\t","protected":false},"excerpt":{"rendered":"<p>EARLY 2026 &#8211; SPRING 30.1.2026 Concert performance in La Cl\u00ednica Latencia (Oaxaca, Mexico) 31.1.2026 Concert performance in La Cl\u00ednica Latencia (Oaxaca, Mexico) 7.2.2026 Concert performance at the Festival FILEC &#8211; Teatro Ocampo (Cuernavaca, Morelos &#8211; Mexico) 8.2.2026\u00a0Concert performance in Kaf\u00e9 Kua (Tepoztl\u00e1n-Amatl\u00e1n, Mexico) 11.2.2026\u00a0Concert performance in Venas Rotas Discas with Alex Tux (Mexico City, Mexico) [&hellip;]<\/p>\n","protected":false},"author":1,"featured_media":0,"parent":0,"menu_order":0,"comment_status":"closed","ping_status":"closed","template":"","meta":{"ngg_post_thumbnail":0,"footnotes":""},"class_list":["post-18","page","type-page","status-publish","hentry"],"aioseo_notices":[],"_links":{"self":[{"href":"https:\/\/barboratomaskova.com\/index.php\/wp-json\/wp\/v2\/pages\/18","targetHints":{"allow":["GET"]}}],"collection":[{"href":"https:\/\/barboratomaskova.com\/index.php\/wp-json\/wp\/v2\/pages"}],"about":[{"href":"https:\/\/barboratomaskova.com\/index.php\/wp-json\/wp\/v2\/types\/page"}],"author":[{"embeddable":true,"href":"https:\/\/barboratomaskova.com\/index.php\/wp-json\/wp\/v2\/users\/1"}],"replies":[{"embeddable":true,"href":"https:\/\/barboratomaskova.com\/index.php\/wp-json\/wp\/v2\/comments?post=18"}],"version-history":[{"count":131,"href":"https:\/\/barboratomaskova.com\/index.php\/wp-json\/wp\/v2\/pages\/18\/revisions"}],"predecessor-version":[{"id":624,"href":"https:\/\/barboratomaskova.com\/index.php\/wp-json\/wp\/v2\/pages\/18\/revisions\/624"}],"wp:attachment":[{"href":"https:\/\/barboratomaskova.com\/index.php\/wp-json\/wp\/v2\/media?parent=18"}],"curies":[{"name":"wp","href":"https:\/\/api.w.org\/{rel}","templated":true}]}}